{"id":3630,"date":"2025-06-16T11:45:07","date_gmt":"2025-06-16T11:45:07","guid":{"rendered":"https:\/\/mysmile.swiss\/?page_id=3630\/"},"modified":"2025-11-03T07:25:20","modified_gmt":"2025-11-03T07:25:20","slug":"sponsorships","status":"publish","type":"page","link":"https:\/\/mysmile.swiss\/en\/gallery\/sponsorships\/","title":{"rendered":"Sponsorships"},"content":{"rendered":"<div class=\"wpb-content-wrapper\">[vc_row curly_bg_repeat=&#8221;bg-no-repeat&#8221; curly_bg_position=&#8221;bg-pos-center-center&#8221; curly_bg_parallax=&#8221;true&#8221; el_class=&#8221;texter&#8221; css=&#8221;.vc_custom_1750068218577{background-position: center !important;background-repeat: no-repeat !important;background-size: cover !important;}&#8221; curly_min_height=&#8221;90vh&#8221; el_id=&#8221;sponsor-hero-row&#8221;][vc_column curly_bg_repeat=&#8221;bg-no-repeat&#8221; curly_bg_position=&#8221;bg-pos-center-center&#8221; curly_padding=&#8221;content-padding-none&#8221; el_id=&#8221;sponsor-hero&#8221;][vc_row_inner el_id=&#8221;sponsor-inner-row&#8221; css=&#8221;.vc_custom_1750073311030{background-color: #1187c5 !important;}&#8221;][vc_column_inner width=&#8221;1\/4&#8243;][\/vc_column_inner][vc_column_inner width=&#8221;1\/2&#8243;][vc_column_text css=&#8221;&#8221;]\n<h2>Scroll To Explore<\/h2>\n[\/vc_column_text][\/vc_column_inner][vc_column_inner width=&#8221;1\/4&#8243;][\/vc_column_inner][\/vc_row_inner][\/vc_column][\/vc_row][vc_row el_class=&#8221;texter&#8221;][vc_column][vc_column_text css=&#8221;&#8221;]\n<h2 style=\"text-align: center;\">MySmile ne manque jamais l&#8217;occasion de sourire \u00e0 notre<br \/>\ncommunaut\u00e9 et \u00e0 nos par le biais de parrainage d&#8217;activit\u00e9s.<\/h2>\n[\/vc_column_text][vc_column_text css=&#8221;&#8221; el_class=&#8221;title-change&#8221;]\n<h2 style=\"text-align: center;\"><a href=\"https:\/\/windsurfer-switzerland.ch\/?fbclid=IwAR1xTQ7HRDdTZxu2As1LDj02E_islcuI1kjgJSiMy3EKTpsd7ZiO4ayKcmY\" target=\"_blank\" rel=\"noopener\">L\u2019Association Windsurfer Switzerland<\/a><\/h2>\n<h3 style=\"text-align: center;\">Lac de Gen\u00e8ve<\/h3>\n[\/vc_column_text][vc_row_inner][vc_column_inner width=&#8221;1\/3&#8243;][\/vc_column_inner][vc_column_inner width=&#8221;1\/3&#8243;][vc_single_image image=&#8221;2141&#8243; img_size=&#8221;350&#215;350&#8243; alignment=&#8221;center&#8221;][\/vc_column_inner][vc_column_inner width=&#8221;1\/3&#8243;][\/vc_column_inner][\/vc_row_inner][\/vc_column][\/vc_row][vc_row el_class=&#8221;texter content-padding-xl-bt&#8221;][vc_column][vc_column_text css=&#8221;&#8221;]\nngg_shortcode_0_placeholder[\/vc_column_text][\/vc_column][\/vc_row][vc_row el_class=&#8221;title-change texter content-padding-xl-bt&#8221;][vc_column][vc_column_text css=&#8221;&#8221;]\n<h2 class=\"content-margin-xl-bt\" style=\"text-align: center;\">Maria Danou Jeux olympiques d&#8217;hiver de P\u00e9kin (F\u00e9vrier 2022)<\/h2>\n[\/vc_column_text][vc_column_text css=&#8221;&#8221;]\nngg_shortcode_1_placeholder[\/vc_column_text][\/vc_column][\/vc_row][vc_row el_class=&#8221;title-change texter content-padding-xl-bt&#8221; css=&#8221;.vc_custom_1749819909512{padding-top: 1rem !important;padding-bottom: 1rem !important;}&#8221;][vc_column][vc_column_text css=&#8221;&#8221;]\n<h2 style=\"text-align: center;\">Team Mike Esteves \/ Bruno dos Santos au Rallye du Chablais<\/h2>\n<h3 class=\"content-margin-xl-bt\" style=\"text-align: center;\">Troph\u00e9e Michelin Alpes et au Championnat Suisse des Rallyes<\/h3>\n[\/vc_column_text][vc_column_text css=&#8221;&#8221;]\nngg_shortcode_2_placeholder[\/vc_column_text][\/vc_column][\/vc_row][vc_row el_class=&#8221;title-change texter&#8221; css=&#8221;.vc_custom_1749809320330{padding-top: 1rem !important;padding-bottom: 1rem !important;}&#8221;][vc_column][vc_column_text css=&#8221;&#8221;]\n<h2 class=\"content-margin-xl-bt\" style=\"text-align: center;\">US Meinier<\/h2>\n[\/vc_column_text][vc_video link=&#8221;https:\/\/www.youtube.com\/shorts\/FaKmIxsvu4E&#8221; css=&#8221;&#8221;][\/vc_column][\/vc_row][vc_row el_class=&#8221;texter content-padding-xl-bt&#8221;][vc_column][vc_column_text css=&#8221;&#8221;]\nngg_shortcode_3_placeholder[\/vc_column_text][\/vc_column][\/vc_row][vc_row el_class=&#8221;title-change texter content-padding-xl-bt&#8221; css=&#8221;.vc_custom_1749819932007{padding-top: 1rem !important;padding-bottom: 1rem !important;}&#8221;][vc_column][vc_column_text css=&#8221;&#8221;]\n<h2 class=\"content-margin-xl-bt\" style=\"text-align: center;\">Togo<\/h2>\n[\/vc_column_text][vc_column_text css=&#8221;&#8221;]\nngg_shortcode_4_placeholder[\/vc_column_text][\/vc_column][\/vc_row][vc_row el_class=&#8221;title-change texter content-padding-xl-bt&#8221; css=&#8221;.vc_custom_1749819932007{padding-top: 1rem !important;padding-bottom: 1rem !important;}&#8221;][vc_column][vc_column_text css=&#8221;&#8221;]\n<h2 class=\"content-margin-xl-bt\" style=\"text-align: center;\">Geneva Urban Trail 2025<\/h2>\n[\/vc_column_text][vc_column_text css=&#8221;&#8221;]\nngg_shortcode_5_placeholder[\/vc_column_text][\/vc_column][\/vc_row]\n<\/div>","protected":false},"excerpt":{"rendered":"<p>[vc_row curly_bg_repeat=&#8221;bg-no-repeat&#8221; curly_bg_position=&#8221;bg-pos-center-center&#8221; curly_bg_parallax=&#8221;true&#8221; el_class=&#8221;texter&#8221; css=&#8221;.vc_custom_1750068218577{background-position: center !important;background-repeat: no-repeat !important;background-size: cover !important;}&#8221; curly_min_height=&#8221;90vh&#8221; el_id=&#8221;sponsor-hero-row&#8221;][vc_column curly_bg_repeat=&#8221;bg-no-repeat&#8221; curly_bg_position=&#8221;bg-pos-center-center&#8221; curly_padding=&#8221;content-padding-none&#8221; el_id=&#8221;sponsor-hero&#8221;][vc_row_inner el_id=&#8221;sponsor-inner-row&#8221; css=&#8221;.vc_custom_1750073311030{background-color: #1187c5 !important;}&#8221;][vc_column_inner width=&#8221;1\/4&#8243;][\/vc_column_inner][vc_column_inner width=&#8221;1\/2&#8243;][vc_column_text css=&#8221;&#8221;] Scroll To Explore [\/vc_column_text][\/vc_column_inner][vc_column_inner width=&#8221;1\/4&#8243;][\/vc_column_inner][\/vc_row_inner][\/vc_column][\/vc_row][vc_row el_class=&#8221;texter&#8221;][vc_column][vc_column_text css=&#8221;&#8221;] MySmile ne manque jamais l&#8217;occasion de sourire \u00e0 notre communaut\u00e9 et \u00e0 nos par le biais de parrainage d&#8217;activit\u00e9s. [\/vc_column_text][vc_column_text css=&#8221;&#8221; el_class=&#8221;title-change&#8221;] L\u2019Association Windsurfer Switzerland Lac de Gen\u00e8ve [&hellip;]<\/p>\n","protected":false},"author":4,"featured_media":0,"parent":3524,"menu_order":0,"comment_status":"closed","ping_status":"closed","template":"","meta":{"_acf_changed":false,"ngg_post_thumbnail":0,"footnotes":""},"class_list":["post-3630","page","type-page","status-publish","hentry"],"acf":[],"yoast_head":"<!-- This site is optimized with the Yoast SEO plugin v26.2 - https:\/\/yoast.com\/wordpress\/plugins\/seo\/ -->\n<title>Sponsorships - My Smile<\/title>\n<meta name=\"robots\" content=\"noindex, follow, max-snippet:-1, max-image-preview:large, max-video-preview:-1\" \/>\n<meta property=\"og:locale\" content=\"en_US\" \/>\n<meta property=\"og:type\" content=\"article\" \/>\n<meta property=\"og:title\" content=\"Sponsorships - My Smile\" \/>\n<meta property=\"og:description\" content=\"[vc_row curly_bg_repeat=&#8221;bg-no-repeat&#8221; curly_bg_position=&#8221;bg-pos-center-center&#8221; curly_bg_parallax=&#8221;true&#8221; el_class=&#8221;texter&#8221; css=&#8221;.vc_custom_1750068218577{background-position: center !important;background-repeat: no-repeat !important;background-size: cover !important;}&#8221; curly_min_height=&#8221;90vh&#8221; el_id=&#8221;sponsor-hero-row&#8221;][vc_column curly_bg_repeat=&#8221;bg-no-repeat&#8221; curly_bg_position=&#8221;bg-pos-center-center&#8221; curly_padding=&#8221;content-padding-none&#8221; el_id=&#8221;sponsor-hero&#8221;][vc_row_inner el_id=&#8221;sponsor-inner-row&#8221; css=&#8221;.vc_custom_1750073311030{background-color: #1187c5 !important;}&#8221;][vc_column_inner width=&#8221;1\/4&#8243;][\/vc_column_inner][vc_column_inner width=&#8221;1\/2&#8243;][vc_column_text css=&#8221;&#8221;] Scroll To Explore [\/vc_column_text][\/vc_column_inner][vc_column_inner width=&#8221;1\/4&#8243;][\/vc_column_inner][\/vc_row_inner][\/vc_column][\/vc_row][vc_row el_class=&#8221;texter&#8221;][vc_column][vc_column_text css=&#8221;&#8221;] MySmile ne manque jamais l&#8217;occasion de sourire \u00e0 notre communaut\u00e9 et \u00e0 nos par le biais de parrainage d&#8217;activit\u00e9s. [\/vc_column_text][vc_column_text css=&#8221;&#8221; el_class=&#8221;title-change&#8221;] L\u2019Association Windsurfer Switzerland Lac de Gen\u00e8ve [&hellip;]\" \/>\n<meta property=\"og:url\" content=\"https:\/\/mysmile.swiss\/gallerie\/parrainage\/\" \/>\n<meta property=\"og:site_name\" content=\"My Smile\" \/>\n<meta property=\"article:modified_time\" content=\"2025-11-03T07:25:20+00:00\" \/>\n<meta name=\"twitter:card\" content=\"summary_large_image\" \/>\n<meta name=\"twitter:label1\" content=\"Est. reading time\" \/>\n\t<meta name=\"twitter:data1\" content=\"2 minutes\" \/>\n<script type=\"application\/ld+json\" class=\"yoast-schema-graph\">{\"@context\":\"https:\/\/schema.org\",\"@graph\":[{\"@type\":\"WebPage\",\"@id\":\"https:\/\/mysmile.swiss\/gallerie\/parrainage\/\",\"url\":\"https:\/\/mysmile.swiss\/gallerie\/parrainage\/\",\"name\":\"Sponsorships - My Smile\",\"isPartOf\":{\"@id\":\"https:\/\/mysmile.swiss\/#website\"},\"datePublished\":\"2025-06-16T11:45:07+00:00\",\"dateModified\":\"2025-11-03T07:25:20+00:00\",\"breadcrumb\":{\"@id\":\"https:\/\/mysmile.swiss\/gallerie\/parrainage\/#breadcrumb\"},\"inLanguage\":\"en-US\",\"potentialAction\":[{\"@type\":\"ReadAction\",\"target\":[\"https:\/\/mysmile.swiss\/gallerie\/parrainage\/\"]}]},{\"@type\":\"BreadcrumbList\",\"@id\":\"https:\/\/mysmile.swiss\/gallerie\/parrainage\/#breadcrumb\",\"itemListElement\":[{\"@type\":\"ListItem\",\"position\":1,\"name\":\"Home\",\"item\":\"https:\/\/mysmile.swiss\/en\/\"},{\"@type\":\"ListItem\",\"position\":2,\"name\":\"Gallery\",\"item\":\"https:\/\/mysmile.swiss\/en\/gallery\/\"},{\"@type\":\"ListItem\",\"position\":3,\"name\":\"Sponsorships\"}]},{\"@type\":\"WebSite\",\"@id\":\"https:\/\/mysmile.swiss\/#website\",\"url\":\"https:\/\/mysmile.swiss\/\",\"name\":\"My Smile\",\"description\":\"Cabinet Dentaire\",\"potentialAction\":[{\"@type\":\"SearchAction\",\"target\":{\"@type\":\"EntryPoint\",\"urlTemplate\":\"https:\/\/mysmile.swiss\/?s={search_term_string}\"},\"query-input\":{\"@type\":\"PropertyValueSpecification\",\"valueRequired\":true,\"valueName\":\"search_term_string\"}}],\"inLanguage\":\"en-US\"}]}<\/script>\n<!-- \/ Yoast SEO plugin. -->","yoast_head_json":{"title":"Sponsorships - My Smile","robots":{"index":"noindex","follow":"follow","max-snippet":"max-snippet:-1","max-image-preview":"max-image-preview:large","max-video-preview":"max-video-preview:-1"},"og_locale":"en_US","og_type":"article","og_title":"Sponsorships - My Smile","og_description":"[vc_row curly_bg_repeat=&#8221;bg-no-repeat&#8221; curly_bg_position=&#8221;bg-pos-center-center&#8221; curly_bg_parallax=&#8221;true&#8221; el_class=&#8221;texter&#8221; css=&#8221;.vc_custom_1750068218577{background-position: center !important;background-repeat: no-repeat !important;background-size: cover !important;}&#8221; curly_min_height=&#8221;90vh&#8221; el_id=&#8221;sponsor-hero-row&#8221;][vc_column curly_bg_repeat=&#8221;bg-no-repeat&#8221; curly_bg_position=&#8221;bg-pos-center-center&#8221; curly_padding=&#8221;content-padding-none&#8221; el_id=&#8221;sponsor-hero&#8221;][vc_row_inner el_id=&#8221;sponsor-inner-row&#8221; css=&#8221;.vc_custom_1750073311030{background-color: #1187c5 !important;}&#8221;][vc_column_inner width=&#8221;1\/4&#8243;][\/vc_column_inner][vc_column_inner width=&#8221;1\/2&#8243;][vc_column_text css=&#8221;&#8221;] Scroll To Explore [\/vc_column_text][\/vc_column_inner][vc_column_inner width=&#8221;1\/4&#8243;][\/vc_column_inner][\/vc_row_inner][\/vc_column][\/vc_row][vc_row el_class=&#8221;texter&#8221;][vc_column][vc_column_text css=&#8221;&#8221;] MySmile ne manque jamais l&#8217;occasion de sourire \u00e0 notre communaut\u00e9 et \u00e0 nos par le biais de parrainage d&#8217;activit\u00e9s. [\/vc_column_text][vc_column_text css=&#8221;&#8221; el_class=&#8221;title-change&#8221;] L\u2019Association Windsurfer Switzerland Lac de Gen\u00e8ve [&hellip;]","og_url":"https:\/\/mysmile.swiss\/gallerie\/parrainage\/","og_site_name":"My Smile","article_modified_time":"2025-11-03T07:25:20+00:00","twitter_card":"summary_large_image","twitter_misc":{"Est. reading time":"2 minutes"},"schema":{"@context":"https:\/\/schema.org","@graph":[{"@type":"WebPage","@id":"https:\/\/mysmile.swiss\/gallerie\/parrainage\/","url":"https:\/\/mysmile.swiss\/gallerie\/parrainage\/","name":"Sponsorships - My Smile","isPartOf":{"@id":"https:\/\/mysmile.swiss\/#website"},"datePublished":"2025-06-16T11:45:07+00:00","dateModified":"2025-11-03T07:25:20+00:00","breadcrumb":{"@id":"https:\/\/mysmile.swiss\/gallerie\/parrainage\/#breadcrumb"},"inLanguage":"en-US","potentialAction":[{"@type":"ReadAction","target":["https:\/\/mysmile.swiss\/gallerie\/parrainage\/"]}]},{"@type":"BreadcrumbList","@id":"https:\/\/mysmile.swiss\/gallerie\/parrainage\/#breadcrumb","itemListElement":[{"@type":"ListItem","position":1,"name":"Home","item":"https:\/\/mysmile.swiss\/en\/"},{"@type":"ListItem","position":2,"name":"Gallery","item":"https:\/\/mysmile.swiss\/en\/gallery\/"},{"@type":"ListItem","position":3,"name":"Sponsorships"}]},{"@type":"WebSite","@id":"https:\/\/mysmile.swiss\/#website","url":"https:\/\/mysmile.swiss\/","name":"My Smile","description":"Cabinet Dentaire","potentialAction":[{"@type":"SearchAction","target":{"@type":"EntryPoint","urlTemplate":"https:\/\/mysmile.swiss\/?s={search_term_string}"},"query-input":{"@type":"PropertyValueSpecification","valueRequired":true,"valueName":"search_term_string"}}],"inLanguage":"en-US"}]}},"_links":{"self":[{"href":"https:\/\/mysmile.swiss\/en\/wp-json\/wp\/v2\/pages\/3630","targetHints":{"allow":["GET"]}}],"collection":[{"href":"https:\/\/mysmile.swiss\/en\/wp-json\/wp\/v2\/pages"}],"about":[{"href":"https:\/\/mysmile.swiss\/en\/wp-json\/wp\/v2\/types\/page"}],"author":[{"embeddable":true,"href":"https:\/\/mysmile.swiss\/en\/wp-json\/wp\/v2\/users\/4"}],"replies":[{"embeddable":true,"href":"https:\/\/mysmile.swiss\/en\/wp-json\/wp\/v2\/comments?post=3630"}],"version-history":[{"count":4,"href":"https:\/\/mysmile.swiss\/en\/wp-json\/wp\/v2\/pages\/3630\/revisions"}],"predecessor-version":[{"id":3847,"href":"https:\/\/mysmile.swiss\/en\/wp-json\/wp\/v2\/pages\/3630\/revisions\/3847"}],"up":[{"embeddable":true,"href":"https:\/\/mysmile.swiss\/en\/wp-json\/wp\/v2\/pages\/3524"}],"wp:attachment":[{"href":"https:\/\/mysmile.swiss\/en\/wp-json\/wp\/v2\/media?parent=3630"}],"curies":[{"name":"wp","href":"https:\/\/api.w.org\/{rel}","templated":true}]}}