{"id":3556,"date":"2025-06-16T08:41:15","date_gmt":"2025-06-16T08:41:15","guid":{"rendered":"https:\/\/mysmile.swiss\/?page_id=3556\/"},"modified":"2025-10-24T06:32:07","modified_gmt":"2025-10-24T06:32:07","slug":"why-mysmile","status":"publish","type":"page","link":"https:\/\/mysmile.swiss\/en\/why-mysmile\/","title":{"rendered":"Why MySmile ?"},"content":{"rendered":"<div class=\"wpb-content-wrapper\">[vc_row content_placement=&#8221;middle&#8221; el_class=&#8221;texter&#8221;][vc_column width=&#8221;5\/12&#8243; offset=&#8221;vc_col-md-6&#8243; el_class=&#8221;why-my-smile&#8221;][vc_single_image image=&#8221;1394&#8243; img_size=&#8221;full&#8221; css=&#8221;&#8221; el_class=&#8221;xtd-offset-dots&#8221;][\/vc_column][vc_column width=&#8221;1\/2&#8243; offset=&#8221;vc_col-md-offset-2 vc_col-md-4 vc_col-sm-offset-1&#8243;][vc_column_text css=&#8221;&#8221;]\n<h2>Becoming a dentist requires talent and hard work.<\/h2>\n<h2>Becoming a dentist at MySmile means living a true passion.<\/h2>\n[\/vc_column_text][vc_column_text css=&#8221;&#8221;]\n<h2>MySmile at the service of your smile.<\/h2>\n<p>&nbsp;[\/vc_column_text][\/vc_column][\/vc_row][vc_row el_class=&#8221;content-padding-xl-tp&#8221;][vc_column][vc_column_text css=&#8221;&#8221;]\n<h2 class=\"display-2 special-title\" style=\"text-align: center;\"><strong>Why MySmile?&nbsp;<\/strong><\/h2>\n[\/vc_column_text][\/vc_column][\/vc_row][vc_row el_class=&#8221;texter&#8221;][vc_column][vc_column_text css=&#8221;&#8221;]\n<h3 style=\"text-align: left;\"><strong>Comprehensive Dental Care in Our Clinic<\/strong><\/h3>\n<p style=\"text-align: left;\">You will benefit from a team of qualified professionals who are attentive to all your dental needs.<\/p>\n<p>Our experienced and specialized dentists excel in the following areas: <strong>general dentistry, conservative dentistry, aesthetic dentistry, implantology, fixed and removable dental prosthetics, oral surgery, periodontology, preventive dentistry,<\/strong> and <strong>orthodontics.&nbsp;<\/strong><\/p>\n<p>Our team is complemented by dental hygienists, who ensure the maintenance and regular monitoring of your oral health.[\/vc_column_text][\/vc_column][\/vc_row][vc_row el_class=&#8221;texter&#8221;][vc_column][vc_column_text css=&#8221;&#8221;]\n<h3 style=\"text-align: left;\"><strong>The Latest Technology at the Service of your Smile<\/strong><\/h3>\n<p style=\"text-align: left;\">We keep up with technological advancements through specialized training in the dental field.<br \/>\nWe use:&nbsp;<\/p>\n<ul>\n<li><strong>3D imaging with our intraoral scanners<\/strong>: conventional impressions, often unpleasant, are a thing of the past. We create a precise 3D model of your teeth and bite, sent to a computer, allowing faster diagnosis and better-fitting solutions.<\/li>\n<li><strong>Low-radiation X-rays and 3D tomography<\/strong>: when necessary, these technologies provide detailed 3D images, helping us tailor your treatment plan precisely.<\/li>\n<\/ul>\n[\/vc_column_text][\/vc_column][\/vc_row][vc_row el_class=&#8221;texter&#8221;][vc_column][vc_column_text css=&#8221;&#8221;]\n<h3 style=\"text-align: left;\"><strong>Professionals Trained in Swiss Universities and Schools<\/strong><\/h3>\n<p>All members of our team have been trained in <strong>Swiss universities<\/strong> or <strong>dental schools<\/strong>.<\/p>\n<p>Dr. Christou, after five years of dental training, specialized in orthodontics through a four-year program at the Orthodontic Division of the <strong>University of Geneva in Switzerland<\/strong>.[\/vc_column_text][\/vc_column][\/vc_row][vc_row el_class=&#8221;texter&#8221;][vc_column][vc_column_text css=&#8221;&#8221;]\n<h3 style=\"text-align: left;\"><strong>Treatment Under Optimal Sterility and Safety Conditions<\/strong><\/h3>\n<p>Our care is provided under the highest standards of hygiene and asepsis, ensuring the safety of both patients and staff.<\/p>\n<p>We strictly follow the <strong><u><a href=\"https:\/\/www.swissmedic.ch\/swissmedic\/en\/home\/medical-devices\/reprocessing---maintenance\/reprocessing.html\">Swiss legal requirements for medical device reprocessing<\/a><\/u><\/strong>, as defined by Swissmedic, the authority responsible for sterilization and infection control.<br \/>\nAll processes within MySmile Dental Clinic are ISO 9001:2015 certified.[\/vc_column_text][\/vc_column][\/vc_row][vc_row el_class=&#8221;texter&#8221;][vc_column][vc_column_text css=&#8221;&#8221;]\n<h3 style=\"text-align: left;\"><strong>Transparency and Affordable Prices<\/strong><\/h3>\n<p>With the rising cost of dental care, we guarantee complete transparency by providing fee estimates based on the revised Swiss dental tariff \u2013 <strong><a href=\"https:\/\/www.dentotar.ch\/fr\/home\/\">DENTOTAR<\/a><\/strong>.<\/p>\n<p>We offer different payment options to suit your budget. We have solid experience with all insurance-related procedures. We are happy to assist you with your claims to insurance companies.[\/vc_column_text][\/vc_column][\/vc_row][vc_row el_class=&#8221;texter&#8221;][vc_column][vc_column_text css=&#8221;&#8221;]\n<h3 style=\"text-align: left;\"><strong>Personalized Service<\/strong><\/h3>\n<p style=\"text-align: left;\"><strong>WE ARE HAPPY YOU CHOSE US<\/strong><\/p>\n<p>Nous aimons ce que nous faisons et, pour nous, vous n\u2019\u00eates pas simplement un patient.<\/p>\n<p>Nous sommes \u00e0 votre \u00e9coute et consacrons le temps n\u00e9cessaire \u00e0 vos demandes afin de vous expliquer votre plan de traitement dentaire avec bienveillance et empathie.[\/vc_column_text][\/vc_column][\/vc_row][vc_row el_class=&#8221;texter&#8221;][vc_column][vc_column_text css=&#8221;&#8221;]\n<h3><strong>MySmile is a<a href=\"https:\/\/www.en.greatplacetowork.ch\/workplace\/item\/4775\/MySmile+Cabinet+Dentaire\" target=\"_blank\" rel=\"noopener\">&nbsp;Great Place to Work<\/a><\/strong><\/h3>\n<p>We are all proud of our workplace and put our talents at your service. We love what we do \u2013 and we do it with a smile.[\/vc_column_text][\/vc_column][\/vc_row]\n<\/div>","protected":false},"excerpt":{"rendered":"<p>[vc_row content_placement=&#8221;middle&#8221; el_class=&#8221;texter&#8221;][vc_column width=&#8221;5\/12&#8243; offset=&#8221;vc_col-md-6&#8243; el_class=&#8221;why-my-smile&#8221;][vc_single_image image=&#8221;1394&#8243; img_size=&#8221;full&#8221; css=&#8221;&#8221; el_class=&#8221;xtd-offset-dots&#8221;][\/vc_column][vc_column width=&#8221;1\/2&#8243; offset=&#8221;vc_col-md-offset-2 vc_col-md-4 vc_col-sm-offset-1&#8243;][vc_column_text css=&#8221;&#8221;] Becoming a dentist requires talent and hard work. Becoming a dentist at MySmile means living a true passion. [\/vc_column_text][vc_column_text css=&#8221;&#8221;] MySmile at the service of your smile. &nbsp;[\/vc_column_text][\/vc_column][\/vc_row][vc_row el_class=&#8221;content-padding-xl-tp&#8221;][vc_column][vc_column_text css=&#8221;&#8221;] Why MySmile?&nbsp; [\/vc_column_text][\/vc_column][\/vc_row][vc_row el_class=&#8221;texter&#8221;][vc_column][vc_column_text css=&#8221;&#8221;] Comprehensive Dental Care in Our Clinic You will benefit from [&hellip;]<\/p>\n","protected":false},"author":4,"featured_media":0,"parent":0,"menu_order":0,"comment_status":"closed","ping_status":"closed","template":"","meta":{"_acf_changed":false,"ngg_post_thumbnail":0,"footnotes":""},"class_list":["post-3556","page","type-page","status-publish","hentry"],"acf":[],"yoast_head":"<!-- This site is optimized with the Yoast SEO plugin v27.5 - https:\/\/yoast.com\/product\/yoast-seo-wordpress\/ -->\n<title>Why MySmile ? - My Smile<\/title>\n<meta name=\"robots\" content=\"index, follow, max-snippet:-1, max-image-preview:large, max-video-preview:-1\" \/>\n<link rel=\"canonical\" href=\"https:\/\/mysmile.swiss\/en\/why-mysmile\/\" \/>\n<meta property=\"og:locale\" content=\"en_US\" \/>\n<meta property=\"og:type\" content=\"article\" \/>\n<meta property=\"og:title\" content=\"Why MySmile ? - My Smile\" \/>\n<meta property=\"og:description\" content=\"[vc_row content_placement=&#8221;middle&#8221; el_class=&#8221;texter&#8221;][vc_column width=&#8221;5\/12&#8243; offset=&#8221;vc_col-md-6&#8243; el_class=&#8221;why-my-smile&#8221;][vc_single_image image=&#8221;1394&#8243; img_size=&#8221;full&#8221; css=&#8221;&#8221; el_class=&#8221;xtd-offset-dots&#8221;][\/vc_column][vc_column width=&#8221;1\/2&#8243; offset=&#8221;vc_col-md-offset-2 vc_col-md-4 vc_col-sm-offset-1&#8243;][vc_column_text css=&#8221;&#8221;] Becoming a dentist requires talent and hard work. Becoming a dentist at MySmile means living a true passion. [\/vc_column_text][vc_column_text css=&#8221;&#8221;] MySmile at the service of your smile. &nbsp;[\/vc_column_text][\/vc_column][\/vc_row][vc_row el_class=&#8221;content-padding-xl-tp&#8221;][vc_column][vc_column_text css=&#8221;&#8221;] Why MySmile?&nbsp; [\/vc_column_text][\/vc_column][\/vc_row][vc_row el_class=&#8221;texter&#8221;][vc_column][vc_column_text css=&#8221;&#8221;] Comprehensive Dental Care in Our Clinic You will benefit from [&hellip;]\" \/>\n<meta property=\"og:url\" content=\"https:\/\/mysmile.swiss\/en\/why-mysmile\/\" \/>\n<meta property=\"og:site_name\" content=\"My Smile\" \/>\n<meta property=\"article:modified_time\" content=\"2025-10-24T06:32:07+00:00\" \/>\n<meta name=\"twitter:card\" content=\"summary_large_image\" \/>\n<meta name=\"twitter:label1\" content=\"Est. reading time\" \/>\n\t<meta name=\"twitter:data1\" content=\"3 minutes\" \/>\n<script type=\"application\/ld+json\" class=\"yoast-schema-graph\">{\"@context\":\"https:\\\/\\\/schema.org\",\"@graph\":[{\"@type\":\"WebPage\",\"@id\":\"https:\\\/\\\/mysmile.swiss\\\/en\\\/why-mysmile\\\/\",\"url\":\"https:\\\/\\\/mysmile.swiss\\\/en\\\/why-mysmile\\\/\",\"name\":\"Why MySmile ? - My Smile\",\"isPartOf\":{\"@id\":\"https:\\\/\\\/mysmile.swiss\\\/#website\"},\"datePublished\":\"2025-06-16T08:41:15+00:00\",\"dateModified\":\"2025-10-24T06:32:07+00:00\",\"breadcrumb\":{\"@id\":\"https:\\\/\\\/mysmile.swiss\\\/en\\\/why-mysmile\\\/#breadcrumb\"},\"inLanguage\":\"en-US\",\"potentialAction\":[{\"@type\":\"ReadAction\",\"target\":[\"https:\\\/\\\/mysmile.swiss\\\/en\\\/why-mysmile\\\/\"]}]},{\"@type\":\"BreadcrumbList\",\"@id\":\"https:\\\/\\\/mysmile.swiss\\\/en\\\/why-mysmile\\\/#breadcrumb\",\"itemListElement\":[{\"@type\":\"ListItem\",\"position\":1,\"name\":\"Home\",\"item\":\"https:\\\/\\\/mysmile.swiss\\\/en\\\/\"},{\"@type\":\"ListItem\",\"position\":2,\"name\":\"Why MySmile ?\"}]},{\"@type\":\"WebSite\",\"@id\":\"https:\\\/\\\/mysmile.swiss\\\/#website\",\"url\":\"https:\\\/\\\/mysmile.swiss\\\/\",\"name\":\"My Smile\",\"description\":\"Cabinet Dentaire\",\"potentialAction\":[{\"@type\":\"SearchAction\",\"target\":{\"@type\":\"EntryPoint\",\"urlTemplate\":\"https:\\\/\\\/mysmile.swiss\\\/?s={search_term_string}\"},\"query-input\":{\"@type\":\"PropertyValueSpecification\",\"valueRequired\":true,\"valueName\":\"search_term_string\"}}],\"inLanguage\":\"en-US\"}]}<\/script>\n<!-- \/ Yoast SEO plugin. -->","yoast_head_json":{"title":"Why MySmile ? - My Smile","robots":{"index":"index","follow":"follow","max-snippet":"max-snippet:-1","max-image-preview":"max-image-preview:large","max-video-preview":"max-video-preview:-1"},"canonical":"https:\/\/mysmile.swiss\/en\/why-mysmile\/","og_locale":"en_US","og_type":"article","og_title":"Why MySmile ? - My Smile","og_description":"[vc_row content_placement=&#8221;middle&#8221; el_class=&#8221;texter&#8221;][vc_column width=&#8221;5\/12&#8243; offset=&#8221;vc_col-md-6&#8243; el_class=&#8221;why-my-smile&#8221;][vc_single_image image=&#8221;1394&#8243; img_size=&#8221;full&#8221; css=&#8221;&#8221; el_class=&#8221;xtd-offset-dots&#8221;][\/vc_column][vc_column width=&#8221;1\/2&#8243; offset=&#8221;vc_col-md-offset-2 vc_col-md-4 vc_col-sm-offset-1&#8243;][vc_column_text css=&#8221;&#8221;] Becoming a dentist requires talent and hard work. Becoming a dentist at MySmile means living a true passion. [\/vc_column_text][vc_column_text css=&#8221;&#8221;] MySmile at the service of your smile. &nbsp;[\/vc_column_text][\/vc_column][\/vc_row][vc_row el_class=&#8221;content-padding-xl-tp&#8221;][vc_column][vc_column_text css=&#8221;&#8221;] Why MySmile?&nbsp; [\/vc_column_text][\/vc_column][\/vc_row][vc_row el_class=&#8221;texter&#8221;][vc_column][vc_column_text css=&#8221;&#8221;] Comprehensive Dental Care in Our Clinic You will benefit from [&hellip;]","og_url":"https:\/\/mysmile.swiss\/en\/why-mysmile\/","og_site_name":"My Smile","article_modified_time":"2025-10-24T06:32:07+00:00","twitter_card":"summary_large_image","twitter_misc":{"Est. reading time":"3 minutes"},"schema":{"@context":"https:\/\/schema.org","@graph":[{"@type":"WebPage","@id":"https:\/\/mysmile.swiss\/en\/why-mysmile\/","url":"https:\/\/mysmile.swiss\/en\/why-mysmile\/","name":"Why MySmile ? - My Smile","isPartOf":{"@id":"https:\/\/mysmile.swiss\/#website"},"datePublished":"2025-06-16T08:41:15+00:00","dateModified":"2025-10-24T06:32:07+00:00","breadcrumb":{"@id":"https:\/\/mysmile.swiss\/en\/why-mysmile\/#breadcrumb"},"inLanguage":"en-US","potentialAction":[{"@type":"ReadAction","target":["https:\/\/mysmile.swiss\/en\/why-mysmile\/"]}]},{"@type":"BreadcrumbList","@id":"https:\/\/mysmile.swiss\/en\/why-mysmile\/#breadcrumb","itemListElement":[{"@type":"ListItem","position":1,"name":"Home","item":"https:\/\/mysmile.swiss\/en\/"},{"@type":"ListItem","position":2,"name":"Why MySmile ?"}]},{"@type":"WebSite","@id":"https:\/\/mysmile.swiss\/#website","url":"https:\/\/mysmile.swiss\/","name":"My Smile","description":"Cabinet Dentaire","potentialAction":[{"@type":"SearchAction","target":{"@type":"EntryPoint","urlTemplate":"https:\/\/mysmile.swiss\/?s={search_term_string}"},"query-input":{"@type":"PropertyValueSpecification","valueRequired":true,"valueName":"search_term_string"}}],"inLanguage":"en-US"}]}},"_links":{"self":[{"href":"https:\/\/mysmile.swiss\/en\/wp-json\/wp\/v2\/pages\/3556","targetHints":{"allow":["GET"]}}],"collection":[{"href":"https:\/\/mysmile.swiss\/en\/wp-json\/wp\/v2\/pages"}],"about":[{"href":"https:\/\/mysmile.swiss\/en\/wp-json\/wp\/v2\/types\/page"}],"author":[{"embeddable":true,"href":"https:\/\/mysmile.swiss\/en\/wp-json\/wp\/v2\/users\/4"}],"replies":[{"embeddable":true,"href":"https:\/\/mysmile.swiss\/en\/wp-json\/wp\/v2\/comments?post=3556"}],"version-history":[{"count":9,"href":"https:\/\/mysmile.swiss\/en\/wp-json\/wp\/v2\/pages\/3556\/revisions"}],"predecessor-version":[{"id":3800,"href":"https:\/\/mysmile.swiss\/en\/wp-json\/wp\/v2\/pages\/3556\/revisions\/3800"}],"wp:attachment":[{"href":"https:\/\/mysmile.swiss\/en\/wp-json\/wp\/v2\/media?parent=3556"}],"curies":[{"name":"wp","href":"https:\/\/api.w.org\/{rel}","templated":true}]}}