{"id":3515,"date":"2025-06-16T07:53:24","date_gmt":"2025-06-16T07:53:24","guid":{"rendered":"https:\/\/mysmile.swiss\/?page_id=3515\/"},"modified":"2025-10-11T10:44:29","modified_gmt":"2025-10-11T10:44:29","slug":"how-to-find-us","status":"publish","type":"page","link":"https:\/\/mysmile.swiss\/en\/how-to-find-us\/","title":{"rendered":"How to find us"},"content":{"rendered":"<div class=\"wpb-content-wrapper\">[vc_row css=&#8221;.vc_custom_1749818572193{background-color: #ffffff !important;}&#8221; el_class=&#8221;content-padding-xl-bt&#8221;][vc_column width=&#8221;1\/2&#8243;]\n<div class=\"wpcf7 no-js\" id=\"wpcf7-f109-o1\" lang=\"en-US\" dir=\"ltr\" data-wpcf7-id=\"109\">\n<div class=\"screen-reader-response\"><p role=\"status\" aria-live=\"polite\" aria-atomic=\"true\"><\/p> <ul><\/ul><\/div>\n<form action=\"\/en\/wp-json\/wp\/v2\/pages\/3515#wpcf7-f109-o1\" method=\"post\" class=\"wpcf7-form init\" aria-label=\"Contact form\" novalidate=\"novalidate\" data-status=\"init\">\n<fieldset class=\"hidden-fields-container\"><input type=\"hidden\" name=\"_wpcf7\" value=\"109\" \/><input type=\"hidden\" name=\"_wpcf7_version\" value=\"6.1.2\" \/><input type=\"hidden\" name=\"_wpcf7_locale\" value=\"en_US\" \/><input type=\"hidden\" name=\"_wpcf7_unit_tag\" value=\"wpcf7-f109-o1\" \/><input type=\"hidden\" name=\"_wpcf7_container_post\" value=\"0\" \/><input type=\"hidden\" name=\"_wpcf7_posted_data_hash\" value=\"\" \/><input type=\"hidden\" name=\"_wpcf7_recaptcha_response\" value=\"\" \/>\n<\/fieldset>\n<p><span class=\"wpcf7-form-control-wrap\" data-name=\"your-name\"><input size=\"40\" maxlength=\"400\" class=\"wpcf7-form-control wpcf7-text wpcf7-validates-as-required\" aria-required=\"true\" aria-invalid=\"false\" placeholder=\"Your full name\" value=\"\" type=\"text\" name=\"your-name\" \/><\/span><br \/>\n<span class=\"wpcf7-form-control-wrap\" data-name=\"your-email\"><input size=\"40\" maxlength=\"400\" class=\"wpcf7-form-control wpcf7-email wpcf7-validates-as-required wpcf7-text wpcf7-validates-as-email\" aria-required=\"true\" aria-invalid=\"false\" placeholder=\"Your email\" value=\"\" type=\"email\" name=\"your-email\" \/><\/span><br \/>\n<span class=\"wpcf7-form-control-wrap\" data-name=\"tel-850\"><input size=\"40\" maxlength=\"400\" class=\"wpcf7-form-control wpcf7-tel wpcf7-validates-as-required wpcf7-text wpcf7-validates-as-tel\" aria-required=\"true\" aria-invalid=\"false\" placeholder=\"Your phone\" value=\"\" type=\"tel\" name=\"tel-850\" \/><\/span><br \/>\n<span class=\"wpcf7-form-control-wrap\" data-name=\"cabinet\"><select class=\"wpcf7-form-control wpcf7-select wpcf7-validates-as-required\" aria-required=\"true\" aria-invalid=\"false\" name=\"cabinet\"><option value=\"\">Select Clinic<\/option><option value=\"Carouge\">Carouge<\/option><option value=\"V\u00e9senaz\">V\u00e9senaz<\/option><\/select><\/span><br \/>\n<span class=\"wpcf7-form-control-wrap\" data-name=\"your-subject\"><input size=\"40\" maxlength=\"400\" class=\"wpcf7-form-control wpcf7-text wpcf7-validates-as-required\" aria-required=\"true\" aria-invalid=\"false\" placeholder=\"Type a subject\" value=\"\" type=\"text\" name=\"your-subject\" \/><\/span><br \/>\n<span class=\"wpcf7-form-control-wrap\" data-name=\"your-message\"><textarea cols=\"40\" rows=\"10\" maxlength=\"2000\" class=\"wpcf7-form-control wpcf7-textarea wpcf7-validates-as-required\" aria-required=\"true\" aria-invalid=\"false\" placeholder=\"Type your message\" name=\"your-message\"><\/textarea><\/span>\n<\/p>\n<div id=\"privacy-policy\">\n\t<p><span class=\"wpcf7-form-control-wrap\" data-name=\"acceptance-599\"><span class=\"wpcf7-form-control wpcf7-acceptance\"><span class=\"wpcf7-list-item\"><input type=\"checkbox\" name=\"acceptance-599\" value=\"1\" aria-invalid=\"false\" \/><\/span><\/span><\/span>i agree with MySmile's <a href=\"\/en\/data-protection-and-processing\/\">privacy policy<\/a>\n\t<\/p>\n<\/div>\n<p><input class=\"wpcf7-form-control wpcf7-submit has-spinner\" type=\"submit\" value=\"Send\" \/>\n<\/p><div class=\"wpcf7-response-output\" aria-hidden=\"true\"><\/div>\n<\/form>\n<\/div>\n[\/vc_column][vc_column width=&#8221;1\/2&#8243;][vc_column_text css=&#8221;&#8221;]\n<h5>CONTACT US<\/h5>\n<p>ADDRESSE \/ <strong>Alexandre-Gavard 30, 1227 Carouge, Gen\u00e9ve, Suisse<\/strong><br \/>\nADDRESSE \/ <strong>Route de Thonon 50, 1222 V\u00e9senaz, Gen\u00e9ve, Suisse<\/strong><br \/>\nTELEPHONE \/ <strong>+41 22 300 00 77<\/strong><br \/>\nEMAIL \/&nbsp;<strong>info@mysmile.swiss<\/strong><\/p>\n<p><strong>ISO Certificate Registration No: 260324-4<br \/>\nISO Certificate Registration No: 260324-3<\/strong><br \/>\n<strong>Great Place to Work Certified Dec 2024 \u2013 Dec 2025. Switzerland<\/strong><\/p>\n<p>&nbsp;[\/vc_column_text][vc_column_text css=&#8221;&#8221;]\n<h5>OPENING HOURS<\/h5>\n<p>Monday to Thursday \/ <strong>09:00 \u2013 18:00&nbsp;<\/strong><br \/>\nFriday\/ <strong>08:00 \u2013 13:00 <\/strong><br \/>\nSaturday (one Saturday every month) \/ <strong>09:00 \u2013 15:00 <\/strong>[\/vc_column_text][\/vc_column][\/vc_row][vc_row full_width=&#8221;stretch_row&#8221; css=&#8221;.vc_custom_1749818463057{background-color: #f7f7f7 !important;}&#8221; el_class=&#8221;grey-row content-padding-xl-tp&#8221;][vc_column][vc_row_inner][vc_column_inner][vc_column_text css=&#8221;&#8221; el_class=&#8221;city&#8221;]\n<h2 style=\"text-align: center;\">Carouge<\/h2>\n[\/vc_column_text][\/vc_column_inner][\/vc_row_inner][vc_row_inner][vc_column_inner width=&#8221;1\/2&#8243;][vc_icon icon_fontawesome=&#8221;fas fa-car-side&#8221; color=&#8221;custom&#8221; background_style=&#8221;rounded&#8221; align=&#8221;center&#8221; css=&#8221;&#8221; custom_color=&#8221;#114e90&#8243;][vc_column_text css=&#8221;&#8221;]\n<p style=\"text-align: center;\">Nearby parking (blue zone , MParc La Praille)<\/p>\n[\/vc_column_text][\/vc_column_inner][vc_column_inner width=&#8221;1\/2&#8243;][vc_icon icon_fontawesome=&#8221;fas fa-bus&#8221; color=&#8221;custom&#8221; background_style=&#8221;rounded&#8221; align=&#8221;center&#8221; css=&#8221;&#8221; custom_color=&#8221;#114e90&#8243;][vc_column_text css=&#8221;&#8221;]\n<p style=\"text-align: center;\">-Nearby parking: https:\/\/www.tpg.ch\/fr<br \/>\n-Carouge-Tours ( Bus 11, 21, 23, 41, 42, 44, 45 )<br \/>\n-Gavard ( Bus 11 )<br \/>\n-Pictet-Thellusson ( Tram 15 )<br \/>\n-Armes ( Tram 12, 18 )<\/p>\n[\/vc_column_text][\/vc_column_inner][\/vc_row_inner][\/vc_column][\/vc_row][vc_row full_width=&#8221;stretch_row&#8221; css=&#8221;.vc_custom_1749818593578{background-color: #f7f7f7 !important;}&#8221; el_class=&#8221;row-background content-padding-xl-bt&#8221;][vc_column width=&#8221;1\/2&#8243; el_class=&#8221;xtd-offset-dots&#8221;][vc_column_text css=&#8221;&#8221;]\n<h2>Map with bus stops<\/h2>\n[\/vc_column_text][vc_column_text css=&#8221;&#8221; el_class=&#8221;xtd-shadow&#8211;large-light&#8221;]<iframe loading=\"lazy\" style=\"width: 100%; height: 450px; border: 0;\" src=\"https:\/\/map.search.ch\/Carouge,Rue-Alexandre-Gavard-28?y=-1m&amp;embed=iframe\" width=\"100%\" height=\"150\"><\/iframe>[\/vc_column_text][vc_column_text]\n<h2><a href=\"http:\/\/tpg.ch\/en\/web\/site-international\" target=\"_blank\" rel=\"noopener noreferrer\">Calculer votre itin\u00e9raire<\/a><\/h2>\n[\/vc_column_text][\/vc_column][vc_column width=&#8221;1\/2&#8243;][vc_column_text css=&#8221;&#8221;]\n<h2>Carte Google<\/h2>\n[\/vc_column_text][vc_column_text css=&#8221;&#8221; el_class=&#8221;xtd-shadow&#8211;large-light&#8221;]<iframe loading=\"lazy\" style=\"border: 0;\" tabindex=\"0\" src=\"https:\/\/www.google.com\/maps\/embed?pb=!1m18!1m12!1m3!1d2762.209126898608!2d6.131134915830097!3d46.186396979116125!2m3!1f0!2f0!3f0!3m2!1i1024!2i768!4f13.1!3m3!1m2!1s0x478c7bd5b98bea85%3A0xeb81a66064ccd37e!2sMySmile%20Cabinet%20Dentaire!5e0!3m2!1sfr!2sgr!4v1611301587402!5m2!1sfr!2sgr\" width=\"100%\" height=\"450\" frameborder=\"0\" allowfullscreen=\"allowfullscreen\" aria-hidden=\"false\"><\/iframe>[\/vc_column_text][\/vc_column][\/vc_row][vc_row full_width=&#8221;stretch_row&#8221; css=&#8221;.vc_custom_1749818163330{background-color: #f6f6f6 !important;}&#8221; el_class=&#8221;content-padding-xl-tp&#8221;][vc_column][vc_row_inner][vc_column_inner][vc_column_text css=&#8221;&#8221; el_class=&#8221;city&#8221;]\n<h2 style=\"text-align: center;\">V\u00e9senaz<\/h2>\n[\/vc_column_text][\/vc_column_inner][\/vc_row_inner][vc_row_inner][vc_column_inner width=&#8221;1\/2&#8243;][vc_icon icon_fontawesome=&#8221;fas fa-car-side&#8221; color=&#8221;custom&#8221; background_style=&#8221;rounded&#8221; align=&#8221;center&#8221; css=&#8221;&#8221; custom_color=&#8221;#114e90&#8243;][vc_column_text css=&#8221;&#8221;]\n<p style=\"text-align: center;\">Nearby parking (blue zone, Coop Supermarch\u00e9 V\u00e9senaz, MANOR V\u00e9senaz)<br \/>\n&nbsp;<br \/>\nTaxi, Uber : Please ask to be dropped off on the side of Ch. Du Vieux V\u00e9senaz 35, 1222 V\u00e9senaz, in front of the Municipal Police station.<\/p>\n[\/vc_column_text][\/vc_column_inner][vc_column_inner width=&#8221;1\/2&#8243;][vc_icon icon_fontawesome=&#8221;fas fa-bus&#8221; color=&#8221;custom&#8221; background_style=&#8221;rounded&#8221; align=&#8221;center&#8221; css=&#8221;&#8221; custom_color=&#8221;#114e90&#8243;][vc_column_text css=&#8221;&#8221;]\n<p style=\"text-align: center;\">Nearby stops : https:\/\/www.tpg.ch\/fr<br \/>\n&#8211; V\u00e9senaz Village ( Bus E, E+, G, 38, 39, LT71, G+, A)<\/p>\n[\/vc_column_text][\/vc_column_inner][\/vc_row_inner][\/vc_column][\/vc_row][vc_row gap=&#8221;20&#8243; equal_height=&#8221;yes&#8221; el_class=&#8221;row-simple&#8221;][vc_column width=&#8221;1\/2&#8243;][vc_column_text css=&#8221;&#8221;]\n<h2>Map with the bus stops<\/h2>\n[\/vc_column_text][vc_column_text css=&#8221;&#8221; el_class=&#8221;xtd-shadow&#8211;large-light&#8221;]<iframe loading=\"lazy\" style=\"width: 100%; height: 420px; border: 0;\" src=\"https:\/\/map.search.ch\/504269,121624?pos=504290,121621&amp;z=512&amp;embed=iframe\" width=\"100%\" height=\"150\"><\/iframe>[\/vc_column_text][vc_column_text css=&#8221;&#8221;]\n<h2><a href=\"http:\/\/tpg.ch\/en\/web\/site-international\" target=\"_blank\" rel=\"noopener noreferrer\">Calculate your route<\/a><\/h2>\n[\/vc_column_text][\/vc_column][vc_column width=&#8221;1\/2&#8243;][vc_column_text css=&#8221;&#8221;]\n<h2>Google Map<\/h2>\n[\/vc_column_text][vc_column_text css=&#8221;&#8221; el_class=&#8221;xtd-shadow&#8211;large-light&#8221;]<iframe loading=\"lazy\" style=\"border: 0;\" tabindex=\"0\" src=\"https:\/\/www.google.com\/maps\/embed?pb=!1m18!1m12!1m3!1d2759.5695657252095!2d6.1950259158316685!3d46.238903879117814!2m3!1f0!2f0!3f0!3m2!1i1024!2i768!4f13.1!3m3!1m2!1s0x478c6f7c394f3b7b%3A0x6564e3ba16ab38ff!2sRoute%20de%20Thonon%2050%2C%201222%20Collonge-Bellerive%2C%20Suisse!5e0!3m2!1sfr!2sgr!4v1611300880969!5m2!1sfr!2sgr\" width=\"100%\" height=\"420\" frameborder=\"0\" allowfullscreen=\"allowfullscreen\" aria-hidden=\"false\"><\/iframe>[\/vc_column_text][\/vc_column][\/vc_row]\n<\/div>","protected":false},"excerpt":{"rendered":"<p>[vc_row css=&#8221;.vc_custom_1749818572193{background-color: #ffffff !important;}&#8221; el_class=&#8221;content-padding-xl-bt&#8221;][vc_column width=&#8221;1\/2&#8243;][\/vc_column][vc_column width=&#8221;1\/2&#8243;][vc_column_text css=&#8221;&#8221;] CONTACT US ADDRESSE \/ Alexandre-Gavard 30, 1227 Carouge, Gen\u00e9ve, Suisse ADDRESSE \/ Route de Thonon 50, 1222 V\u00e9senaz, Gen\u00e9ve, Suisse TELEPHONE \/ +41 22 300 00 77 EMAIL \/&nbsp;info@mysmile.swiss ISO Certificate Registration No: 260324-4 ISO Certificate Registration No: 260324-3 Great Place to Work Certified Dec 2024 \u2013 Dec 2025. Switzerland &nbsp;[\/vc_column_text][vc_column_text css=&#8221;&#8221;] [&hellip;]<\/p>\n","protected":false},"author":4,"featured_media":0,"parent":0,"menu_order":0,"comment_status":"closed","ping_status":"closed","template":"","meta":{"_acf_changed":false,"ngg_post_thumbnail":0,"footnotes":""},"class_list":["post-3515","page","type-page","status-publish","hentry"],"acf":[],"yoast_head":"<!-- This site is optimized with the Yoast SEO plugin v26.2 - https:\/\/yoast.com\/wordpress\/plugins\/seo\/ -->\n<title>How to find us - My Smile<\/title>\n<meta name=\"robots\" content=\"noindex, follow, max-snippet:-1, max-image-preview:large, max-video-preview:-1\" \/>\n<meta property=\"og:locale\" content=\"en_US\" \/>\n<meta property=\"og:type\" content=\"article\" \/>\n<meta property=\"og:title\" content=\"How to find us - My Smile\" \/>\n<meta property=\"og:description\" content=\"[vc_row css=&#8221;.vc_custom_1749818572193{background-color: #ffffff !important;}&#8221; el_class=&#8221;content-padding-xl-bt&#8221;][vc_column width=&#8221;1\/2&#8243;][\/vc_column][vc_column width=&#8221;1\/2&#8243;][vc_column_text css=&#8221;&#8221;] CONTACT US ADDRESSE \/ Alexandre-Gavard 30, 1227 Carouge, Gen\u00e9ve, Suisse ADDRESSE \/ Route de Thonon 50, 1222 V\u00e9senaz, Gen\u00e9ve, Suisse TELEPHONE \/ +41 22 300 00 77 EMAIL \/&nbsp;info@mysmile.swiss ISO Certificate Registration No: 260324-4 ISO Certificate Registration No: 260324-3 Great Place to Work Certified Dec 2024 \u2013 Dec 2025. Switzerland &nbsp;[\/vc_column_text][vc_column_text css=&#8221;&#8221;] [&hellip;]\" \/>\n<meta property=\"og:url\" content=\"https:\/\/mysmile.swiss\/comment-nous-trouver\/\" \/>\n<meta property=\"og:site_name\" content=\"My Smile\" \/>\n<meta property=\"article:modified_time\" content=\"2025-10-11T10:44:29+00:00\" \/>\n<meta name=\"twitter:card\" content=\"summary_large_image\" \/>\n<meta name=\"twitter:label1\" content=\"Est. reading time\" \/>\n\t<meta name=\"twitter:data1\" content=\"2 minutes\" \/>\n<script type=\"application\/ld+json\" class=\"yoast-schema-graph\">{\"@context\":\"https:\/\/schema.org\",\"@graph\":[{\"@type\":\"WebPage\",\"@id\":\"https:\/\/mysmile.swiss\/comment-nous-trouver\/\",\"url\":\"https:\/\/mysmile.swiss\/comment-nous-trouver\/\",\"name\":\"How to find us - My Smile\",\"isPartOf\":{\"@id\":\"https:\/\/mysmile.swiss\/#website\"},\"datePublished\":\"2025-06-16T07:53:24+00:00\",\"dateModified\":\"2025-10-11T10:44:29+00:00\",\"breadcrumb\":{\"@id\":\"https:\/\/mysmile.swiss\/comment-nous-trouver\/#breadcrumb\"},\"inLanguage\":\"en-US\",\"potentialAction\":[{\"@type\":\"ReadAction\",\"target\":[\"https:\/\/mysmile.swiss\/comment-nous-trouver\/\"]}]},{\"@type\":\"BreadcrumbList\",\"@id\":\"https:\/\/mysmile.swiss\/comment-nous-trouver\/#breadcrumb\",\"itemListElement\":[{\"@type\":\"ListItem\",\"position\":1,\"name\":\"Home\",\"item\":\"https:\/\/mysmile.swiss\/en\/\"},{\"@type\":\"ListItem\",\"position\":2,\"name\":\"How to find us\"}]},{\"@type\":\"WebSite\",\"@id\":\"https:\/\/mysmile.swiss\/#website\",\"url\":\"https:\/\/mysmile.swiss\/\",\"name\":\"My Smile\",\"description\":\"Cabinet Dentaire\",\"potentialAction\":[{\"@type\":\"SearchAction\",\"target\":{\"@type\":\"EntryPoint\",\"urlTemplate\":\"https:\/\/mysmile.swiss\/?s={search_term_string}\"},\"query-input\":{\"@type\":\"PropertyValueSpecification\",\"valueRequired\":true,\"valueName\":\"search_term_string\"}}],\"inLanguage\":\"en-US\"}]}<\/script>\n<!-- \/ Yoast SEO plugin. -->","yoast_head_json":{"title":"How to find us - My Smile","robots":{"index":"noindex","follow":"follow","max-snippet":"max-snippet:-1","max-image-preview":"max-image-preview:large","max-video-preview":"max-video-preview:-1"},"og_locale":"en_US","og_type":"article","og_title":"How to find us - My Smile","og_description":"[vc_row css=&#8221;.vc_custom_1749818572193{background-color: #ffffff !important;}&#8221; el_class=&#8221;content-padding-xl-bt&#8221;][vc_column width=&#8221;1\/2&#8243;][\/vc_column][vc_column width=&#8221;1\/2&#8243;][vc_column_text css=&#8221;&#8221;] CONTACT US ADDRESSE \/ Alexandre-Gavard 30, 1227 Carouge, Gen\u00e9ve, Suisse ADDRESSE \/ Route de Thonon 50, 1222 V\u00e9senaz, Gen\u00e9ve, Suisse TELEPHONE \/ +41 22 300 00 77 EMAIL \/&nbsp;info@mysmile.swiss ISO Certificate Registration No: 260324-4 ISO Certificate Registration No: 260324-3 Great Place to Work Certified Dec 2024 \u2013 Dec 2025. Switzerland &nbsp;[\/vc_column_text][vc_column_text css=&#8221;&#8221;] [&hellip;]","og_url":"https:\/\/mysmile.swiss\/comment-nous-trouver\/","og_site_name":"My Smile","article_modified_time":"2025-10-11T10:44:29+00:00","twitter_card":"summary_large_image","twitter_misc":{"Est. reading time":"2 minutes"},"schema":{"@context":"https:\/\/schema.org","@graph":[{"@type":"WebPage","@id":"https:\/\/mysmile.swiss\/comment-nous-trouver\/","url":"https:\/\/mysmile.swiss\/comment-nous-trouver\/","name":"How to find us - My Smile","isPartOf":{"@id":"https:\/\/mysmile.swiss\/#website"},"datePublished":"2025-06-16T07:53:24+00:00","dateModified":"2025-10-11T10:44:29+00:00","breadcrumb":{"@id":"https:\/\/mysmile.swiss\/comment-nous-trouver\/#breadcrumb"},"inLanguage":"en-US","potentialAction":[{"@type":"ReadAction","target":["https:\/\/mysmile.swiss\/comment-nous-trouver\/"]}]},{"@type":"BreadcrumbList","@id":"https:\/\/mysmile.swiss\/comment-nous-trouver\/#breadcrumb","itemListElement":[{"@type":"ListItem","position":1,"name":"Home","item":"https:\/\/mysmile.swiss\/en\/"},{"@type":"ListItem","position":2,"name":"How to find us"}]},{"@type":"WebSite","@id":"https:\/\/mysmile.swiss\/#website","url":"https:\/\/mysmile.swiss\/","name":"My Smile","description":"Cabinet Dentaire","potentialAction":[{"@type":"SearchAction","target":{"@type":"EntryPoint","urlTemplate":"https:\/\/mysmile.swiss\/?s={search_term_string}"},"query-input":{"@type":"PropertyValueSpecification","valueRequired":true,"valueName":"search_term_string"}}],"inLanguage":"en-US"}]}},"_links":{"self":[{"href":"https:\/\/mysmile.swiss\/en\/wp-json\/wp\/v2\/pages\/3515","targetHints":{"allow":["GET"]}}],"collection":[{"href":"https:\/\/mysmile.swiss\/en\/wp-json\/wp\/v2\/pages"}],"about":[{"href":"https:\/\/mysmile.swiss\/en\/wp-json\/wp\/v2\/types\/page"}],"author":[{"embeddable":true,"href":"https:\/\/mysmile.swiss\/en\/wp-json\/wp\/v2\/users\/4"}],"replies":[{"embeddable":true,"href":"https:\/\/mysmile.swiss\/en\/wp-json\/wp\/v2\/comments?post=3515"}],"version-history":[{"count":6,"href":"https:\/\/mysmile.swiss\/en\/wp-json\/wp\/v2\/pages\/3515\/revisions"}],"predecessor-version":[{"id":3706,"href":"https:\/\/mysmile.swiss\/en\/wp-json\/wp\/v2\/pages\/3515\/revisions\/3706"}],"wp:attachment":[{"href":"https:\/\/mysmile.swiss\/en\/wp-json\/wp\/v2\/media?parent=3515"}],"curies":[{"name":"wp","href":"https:\/\/api.w.org\/{rel}","templated":true}]}}